{"id":1760,"date":"2016-01-01T00:01:42","date_gmt":"2015-12-31T23:01:42","guid":{"rendered":"http:\/\/demo.astoundify.com\/jobify\/?page_id=1760"},"modified":"2023-04-26T12:37:03","modified_gmt":"2023-04-26T10:37:03","slug":"termini-e-condizioni","status":"publish","type":"page","link":"https:\/\/www.job4good.it\/formazione\/termini-e-condizioni\/","title":{"rendered":"Termini e Condizioni"},"content":{"rendered":"<p style=\"text-align: left;\"><span style=\"font-weight: 400;\">Si raccomanda agli interessati che si connettono al sito di prendere attenta visione dell&#8217;informativa privacy ai sensi dell&#8217;art. 13 D.Lgs. 196\/2003, ad integrazione delle cui prescrizioni si precisa quanto segue per quanto attiene all&#8217;utilizzo del sito secondo modalit\u00e0 conformi ai servizi di comunicazione ed informazione via internet.<\/span><\/p>\n<h5 style=\"text-align: left;\"><b>1. TERMINI<\/b><\/h5>\n<p style=\"text-align: left;\"><span style=\"font-weight: 400;\">Accedendo a questo sito web, l&#8217;utente accetta di essere vincolato da questi Termini e Condizioni d&#8217;uso, a tutte le leggi e i regolamenti applicabili, e accetta di essere responsabile del rispetto di tutte le leggi nazionali in materia. I materiali contenuti in questo sito sono protetti dal diritto d&#8217;autore e diritto dei marchi.<\/span><\/p>\n<h5 style=\"text-align: left;\"><b style=\"line-height: 1.5;\">2. USO DEL MATERIALE E INFORMAZIONI DEL PORTALE<\/b><\/h5>\n<p style=\"text-align: left;\"><span style=\"font-weight: 400;\">Per qualsiasi utente registrato (con account verificato) in questo portale \u00e8 permesso scaricare temporaneamente una copia dei materiali (informazioni o software) che si trovano all&#8217;interno del sito job4good.it. I materiali\u00a0 potranno essere utilizzati <strong>solo per la visione transitoria personale e non commerciale<\/strong>. Infine si ricorda che questa \u00e8 la concessione di una licenza, non un trasferimento di titolo, e sotto questa licenza <\/span><b>non si pu\u00f2<\/b><span style=\"font-weight: 400;\">:<\/span><\/p>\n<ul>\n<li style=\"list-style-type: none;\">\n<ul>\n<li><em><span style=\"font-weight: 400;\">modificare o copiare i materiali;<\/span><\/em><\/li>\n<li><em><span style=\"font-weight: 400;\">utilizzare il materiale per scopi commerciali, o per qualsiasi manifestazione pubblica (commerciale o non commerciale);<\/span><\/em><\/li>\n<li><em><span style=\"font-weight: 400;\">tentare di decompilare o decodificare il software contenuto sul sito web Job4good.it;<\/span><\/em><\/li>\n<li><em><span style=\"font-weight: 400;\">rimuovere qualsiasi copyright o altre notazioni di propriet\u00e0 dai materiali; <\/span><\/em><\/li>\n<li><span style=\"text-decoration: underline;\"><em><span style=\"font-weight: 400;\">trasferire i materiali ad un&#8217;altra persona o terze parti su qualsiasi altro server.<\/span><\/em><\/span><\/li>\n<\/ul>\n<\/li>\n<\/ul>\n<p style=\"text-align: left;\"><span style=\"font-weight: 400;\">Questa licenza cessa automaticamente se si viola una di queste restrizioni e pu\u00f2 essere risolto da Job4good in qualsiasi momento. Al termine della visione di questi materiali o alla cessazione di questa licenza, l&#8217;utente deve distruggere tutti i materiali scaricati in possesso sia in formato elettronico che cartaceo.<\/span><\/p>\n<h5 style=\"text-align: left;\"><b>3. ESCLUSIONE<\/b><\/h5>\n<p style=\"text-align: left;\"><span style=\"font-weight: 400;\">I materiali disponibili sul sito web Job4good.it sono forniti &#8220;cos\u00ec come sono&#8221;. <\/span><span style=\"font-weight: 400;\">Job4good non fornisce alcuna garanzia, espressa o implicita, e con la presente declina e nega tutte le altre garanzie, compresi, senza limitazione, garanzie o condizioni implicite di commerciabilit\u00e0, idoneit\u00e0 per un particolare scopo, o non violazione della propriet\u00e0 intellettuale o altra violazione dei diritti. Inoltre, Job4good non garantisce n\u00e9 rilascia alcuna dichiarazione riguardante l&#8217;accuratezza, i risultati probabili, o l&#8217;affidabilit\u00e0 dell&#8217;utilizzo dei materiali <\/span><span style=\"font-weight: 400;\">sul suo sito Internet o in altro modo in relazione a tali materiali o su altri siti collegati a questo sito.<\/span><\/p>\n<h5 style=\"text-align: left;\"><b>4. LIMITAZIONI<\/b><\/h5>\n<p style=\"text-align: left;\"><span style=\"font-weight: 400;\">In nessun caso Job4good o i suoi fornitori saranno responsabili per danni (inclusi, senza limitazione, i danni per la perdita di dati o profitti, o a causa di interruzione di attivit\u00e0) derivanti dall&#8217;uso o dall&#8217;impossibilit\u00e0 di utilizzare i materiali sul sito Internet di Job4good.it.<\/span><\/p>\n<h5 style=\"text-align: left;\"><b style=\"line-height: 1.5;\">5. REVISIONI E ERRORI<\/b><\/h5>\n<p style=\"text-align: left;\"><span style=\"font-weight: 400;\">I materiali che appaiono sul sito web Job4good.it potrebbero includere errori tecnici, tipografici o fotografici. Job4good non garantisce che i materiali sul suo sito web siano accurati, completi o attuali. Job4good pu\u00f2 apportare modifiche ai materiali contenuti sul proprio sito web in qualsiasi momento senza preavviso. Job4good, tuttavia, non si assume alcun impegno ad aggiornare i materiali.<\/span><\/p>\n<h5 style=\"text-align: left;\"><b style=\"line-height: 1.5;\">6. LINK<\/b><\/h5>\n<p style=\"text-align: left;\"><span style=\"font-weight: 400;\">Il nostro sito pu\u00f2 contenere link ad altri siti. Job4good.it non \u00e8 responsabile per le prassi in materia di privacy adottate da tali altri siti. Ti invitiamo a tenerlo presente nel momento in cui dovessi uscire dal nostro sito e a leggere le dichiarazioni sulla privacy di ciascun sito internet che raccoglie informazioni personalmente identificabili. La presente Dichiarazione sulla Privacy si applica solo a informazioni raccolte sul nostro sito internet.<\/span><\/p>\n<p style=\"text-align: left;\"><span style=\"font-weight: 400;\">Job4good.it non si assume nessuna responsabilit\u00e0 che derivi dall&#8217;esistenza di link tra i contenuti di questo sito e contenuti situati al di fuori dello stesso o di qualsiasi altra menzione di contenuti esterni a questo sito. Tali link o menzioni hanno una finalit\u00e0 esclusivamente informativa e in nessun caso implicano l&#8217;appoggio, l&#8217;approvazione, la commercializzazione o la relazione tra Job4good.it e le persone o le entit\u00e0 che sono autrici e\/o gestiscono tali contenuti o che sono titolari dei siti in cui si trovano.<\/span><\/p>\n<h5 style=\"text-align: left;\"><b style=\"line-height: 1.5;\">7. CONDIZIONI DI UTILIZZO DEL SITO &#8211; MODIFICHE<\/b><\/h5>\n<p style=\"text-align: left;\"><span style=\"font-weight: 400;\">Job4good pu\u00f2 rivedere queste condizioni d&#8217;uso per il suo sito web in qualsiasi momento senza preavviso. Utilizzando il presente sito web l&#8217;utente accetta di essere vincolato dalla versione corrente di questi Termini e Condizioni di utilizzo.<\/span><\/p>\n<h5 style=\"text-align: left;\"><b>8. CARATTERE OBBLIGATORIO O FACOLTATIVO DELLE INFORMAZIONI FORNITE DAL FORMATORE E VERIDICITA&#8217; DEI DATI\u00a0<\/b><\/h5>\n<p style=\"text-align: left;\"><span style=\"font-weight: 400;\">I campi contrassegnati con un asterisco (*) nel form di registrazione al sito richiedono i dati che il formatore deve fornire obbligatoriamente per potersi registrare e accedere ai servizi di Job4good.it, mentre i dati da inserire negli altri campi sono facoltativi.<\/span><\/p>\n<p style=\"text-align: left;\"><span style=\"font-weight: 400;\">Il formatore garantisce che tutte le informazioni di carattere personale che fornisce sono esatte e aggiornate in modo da corrispondere con veridicit\u00e0 alla sua situazione attuale. E\u2019 obbligo del formatore mantenere sempre i suoi dati aggiornati, dato che il candidato \u00e8 l&#8217;unico responsabile dell&#8217;inesattezza o della falsit\u00e0 dei dati forniti e dei danni che questi possano causare a Job4good.it o a terzi.<\/span><\/p>\n<h5 style=\"text-align: left;\"><b style=\"line-height: 1.5;\">9. NEWSLETTER ED ALTRE COMUNICAZIONI ELETTRONICHE<\/b><\/h5>\n<p style=\"text-align: left;\"><span style=\"font-weight: 400;\">Formazione.job4good.it invia ai formatori registrati nel sito web, mediante comunicazioni elettroniche (posta elettronica, o qualsiasi nuovo mezzo di comunicazione elettronica) avvisi, notizie e promozioni relazionate con Job4good.it e\/o relativi ad aziende partner e\/o clienti della piattaforma.<\/span><\/p>\n<p style=\"text-align: left;\"><span style=\"font-weight: 400;\">In particolare Job4good.it invia le seguenti comunicazioni elettroniche:<\/span><\/p>\n<ul>\n<li><span style=\"font-weight: 400;\">Newsletter<\/span><\/li>\n<li><span style=\"font-weight: 400;\">Articoli e consigli per trovare lavoro, \u00a0tendenze o aggiornamenti sulle funzionalit\u00e0 del sito.<\/span><\/li>\n<li><span style=\"font-weight: 400;\">Comunicazioni commerciali (trattamenti con fine di pubblicit\u00e0 e marketing) relazionate con i settori della formazione e del lavoro.<\/span><\/li>\n<li><span style=\"font-weight: 400;\">Comunicazioni commerciali relative a servizi offerti da aziende e societ\u00e0 partner e\/o clienti della piattaforma Job4good.it<\/span><\/li>\n<\/ul>\n<p style=\"text-align: left;\"><span style=\"font-weight: 400;\">L&#8217;invio di queste comunicazioni commerciali sar\u00e0 realizzato, in ogni caso, da Job4good.it, in modo che le aziende che si annunciano o che traggono beneficio dalle azioni pubblicitarie non possano in nessun modo accedere ai dati personali dei formatori.<\/span><\/p>\n<p style=\"text-align: left;\"><span style=\"font-weight: 400;\">La compilazione e l&#8217;invio del form elettronico di Job4good.it nel momento della registrazione implica l&#8217;esplicito consenso del formatore all&#8217;invio delle comunicazioni elettroniche sopra riassunte.<\/span><\/p>\n<h5><b>10. I SERVIZI<\/b><\/h5>\n<p>I servizi presenti sul sito\u00a0 www.job4good.it sono acquistabili tramite le apposite procedure indicate al momento della sottoscrizione (PayPal\/Carta di Credito o Bonifico Bancario). Per i pagamenti con Bonifico Bancario si intendono con scadenza immediata e non dilazionata. Ad ogni acquisto verr\u00e0 rilasciata fattura secondo i dati inseriti dal cliente nell&#8217;apposito formulario al momento della sottoscrizione. Per qualsiasi informazione relativa ai servizi forniti potete scrivere una mail a &#x69;n&#x66;&#111;&#x40;&#106;&#x6f;&#x62;4&#x67;&#111;&#x6f;&#100;&#x2e;&#105;t o nell&#8217;apposita chat sul sito.<\/p>\n<h5><b>12. CHI FORNISCE I SERVIZI<\/b><\/h5>\n<p>I servizi proposti sul sito www.job4good.it vengono forniti da Job4Good Societ\u00e0 Benefit srl\u00a0 con sede legale in Via Agostino Da Montefeltro, 2 &#8211; 10134 Torino TO (Partita IVA: 12837350011)<\/p>\n<h5 style=\"text-align: left;\"><b style=\"line-height: 1.5;\">13. LEGISLAZIONE APPLICABILE E GIURISDIZIONE<\/b><\/h5>\n<p style=\"text-align: left;\"><span style=\"font-weight: 400;\">Le presenti Condizioni Legali e le altre condizioni del sito web sono sottoposte alla legislazione italiana.<\/span><\/p>\n<p style=\"text-align: left;\"><span style=\"font-weight: 400;\">Per quanto riguarda le questioni che possono sollevarsi o le azioni che derivino dalla prestazione dei servizi e dai contenuti di Job4good.it e sull&#8217;interpretazione, applicazione, rispetto o violazione di quanto qui stabilito, Job4good.it e gli utenti, rinunciando espressamente a qualsiasi altra giurisdizione, si sottopongono alla giurisdizione delle Corti e Tribunali di Milano.<\/span><\/p>\n","protected":false},"excerpt":{"rendered":"<p>Si raccomanda agli interessati che si connettono al sito di prendere attenta visione dell&#8217;informativa privacy ai sensi dell&#8217;art. 13 D.Lgs. 196\/2003, ad integrazione delle cui prescrizioni si precisa quanto segue per quanto attiene all&#8217;utilizzo del sito secondo modalit\u00e0 conformi ai servizi di comunicazione ed informazione via internet. 1. TERMINI Accedendo a questo sito web, l&#8217;utente&#8230;<\/p>\n","protected":false},"author":6191,"featured_media":0,"parent":0,"menu_order":0,"comment_status":"closed","ping_status":"closed","template":"","meta":{"footnotes":""},"class_list":["post-1760","page","type-page","status-publish","hentry"],"yoast_head":"<!-- This site is optimized with the Yoast SEO plugin v27.2 - https:\/\/yoast.com\/product\/yoast-seo-wordpress\/ -->\n<title>Termini e Condizioni | Formazione Job4good<\/title>\n<meta name=\"robots\" content=\"noindex, nofollow\" \/>\n<meta property=\"og:locale\" content=\"it_IT\" \/>\n<meta property=\"og:type\" content=\"article\" \/>\n<meta property=\"og:title\" content=\"Termini e Condizioni | Formazione Job4good\" \/>\n<meta property=\"og:description\" content=\"Si raccomanda agli interessati che si connettono al sito di prendere attenta visione dell&#8217;informativa privacy ai sensi dell&#8217;art. 13 D.Lgs. 196\/2003, ad integrazione delle cui prescrizioni si precisa quanto segue per quanto attiene all&#8217;utilizzo del sito secondo modalit\u00e0 conformi ai servizi di comunicazione ed informazione via internet. 1. TERMINI Accedendo a questo sito web, l&#8217;utente...\" \/>\n<meta property=\"og:url\" content=\"https:\/\/www.job4good.it\/formazione\/termini-e-condizioni\/\" \/>\n<meta property=\"og:site_name\" content=\"Formazione Job4good\" \/>\n<meta property=\"article:publisher\" content=\"https:\/\/www.facebook.com\/Job4good\" \/>\n<meta property=\"article:modified_time\" content=\"2023-04-26T10:37:03+00:00\" \/>\n<meta property=\"og:image\" content=\"https:\/\/www.job4good.it\/formazione\/wp-content\/uploads\/2021\/05\/HOME-facebook.jpg\" \/>\n\t<meta property=\"og:image:width\" content=\"1200\" \/>\n\t<meta property=\"og:image:height\" content=\"630\" \/>\n\t<meta property=\"og:image:type\" content=\"image\/jpeg\" \/>\n<meta name=\"twitter:card\" content=\"summary_large_image\" \/>\n<meta name=\"twitter:site\" content=\"@job4good\" \/>\n<meta name=\"twitter:label1\" content=\"Tempo di lettura stimato\" \/>\n\t<meta name=\"twitter:data1\" content=\"7 minuti\" \/>\n<script type=\"application\/ld+json\" class=\"yoast-schema-graph\">{\"@context\":\"https:\/\/schema.org\",\"@graph\":[{\"@type\":\"WebPage\",\"@id\":\"https:\/\/www.job4good.it\/formazione\/termini-e-condizioni\/\",\"url\":\"https:\/\/www.job4good.it\/formazione\/termini-e-condizioni\/\",\"name\":\"Termini e Condizioni | Formazione Job4good\",\"isPartOf\":{\"@id\":\"https:\/\/www.job4good.it\/formazione\/#website\"},\"datePublished\":\"2015-12-31T23:01:42+00:00\",\"dateModified\":\"2023-04-26T10:37:03+00:00\",\"breadcrumb\":{\"@id\":\"https:\/\/www.job4good.it\/formazione\/termini-e-condizioni\/#breadcrumb\"},\"inLanguage\":\"it-IT\",\"potentialAction\":[{\"@type\":\"ReadAction\",\"target\":[\"https:\/\/www.job4good.it\/formazione\/termini-e-condizioni\/\"]}]},{\"@type\":\"BreadcrumbList\",\"@id\":\"https:\/\/www.job4good.it\/formazione\/termini-e-condizioni\/#breadcrumb\",\"itemListElement\":[{\"@type\":\"ListItem\",\"position\":1,\"name\":\"Home\",\"item\":\"https:\/\/www.job4good.it\/formazione\/\"},{\"@type\":\"ListItem\",\"position\":2,\"name\":\"Termini e Condizioni\"}]},{\"@type\":\"WebSite\",\"@id\":\"https:\/\/www.job4good.it\/formazione\/#website\",\"url\":\"https:\/\/www.job4good.it\/formazione\/\",\"name\":\"Formazione Job4good\",\"description\":\"Scopri la formazione nel Terzo settore\",\"publisher\":{\"@id\":\"https:\/\/www.job4good.it\/formazione\/#organization\"},\"potentialAction\":[{\"@type\":\"SearchAction\",\"target\":{\"@type\":\"EntryPoint\",\"urlTemplate\":\"https:\/\/www.job4good.it\/formazione\/?s={search_term_string}\"},\"query-input\":{\"@type\":\"PropertyValueSpecification\",\"valueRequired\":true,\"valueName\":\"search_term_string\"}}],\"inLanguage\":\"it-IT\"},{\"@type\":\"Organization\",\"@id\":\"https:\/\/www.job4good.it\/formazione\/#organization\",\"name\":\"Job4good\",\"url\":\"https:\/\/www.job4good.it\/formazione\/\",\"logo\":{\"@type\":\"ImageObject\",\"inLanguage\":\"it-IT\",\"@id\":\"https:\/\/www.job4good.it\/formazione\/#\/schema\/logo\/image\/\",\"url\":\"\",\"contentUrl\":\"\",\"caption\":\"Job4good\"},\"image\":{\"@id\":\"https:\/\/www.job4good.it\/formazione\/#\/schema\/logo\/image\/\"},\"sameAs\":[\"https:\/\/www.facebook.com\/Job4good\",\"https:\/\/x.com\/job4good\",\"https:\/\/www.instagram.com\/job4good\/\",\"https:\/\/www.linkedin.com\/company\/job4good\/\",\"https:\/\/www.youtube.com\/channel\/UCfe_bzcYJ9gj1gq0XKmDfbA\"]}]}<\/script>\n<!-- \/ Yoast SEO plugin. -->","yoast_head_json":{"title":"Termini e Condizioni | Formazione Job4good","robots":{"index":"noindex","follow":"nofollow"},"og_locale":"it_IT","og_type":"article","og_title":"Termini e Condizioni | Formazione Job4good","og_description":"Si raccomanda agli interessati che si connettono al sito di prendere attenta visione dell&#8217;informativa privacy ai sensi dell&#8217;art. 13 D.Lgs. 196\/2003, ad integrazione delle cui prescrizioni si precisa quanto segue per quanto attiene all&#8217;utilizzo del sito secondo modalit\u00e0 conformi ai servizi di comunicazione ed informazione via internet. 1. TERMINI Accedendo a questo sito web, l&#8217;utente...","og_url":"https:\/\/www.job4good.it\/formazione\/termini-e-condizioni\/","og_site_name":"Formazione Job4good","article_publisher":"https:\/\/www.facebook.com\/Job4good","article_modified_time":"2023-04-26T10:37:03+00:00","og_image":[{"width":1200,"height":630,"url":"https:\/\/www.job4good.it\/formazione\/wp-content\/uploads\/2021\/05\/HOME-facebook.jpg","type":"image\/jpeg"}],"twitter_card":"summary_large_image","twitter_site":"@job4good","twitter_misc":{"Tempo di lettura stimato":"7 minuti"},"schema":{"@context":"https:\/\/schema.org","@graph":[{"@type":"WebPage","@id":"https:\/\/www.job4good.it\/formazione\/termini-e-condizioni\/","url":"https:\/\/www.job4good.it\/formazione\/termini-e-condizioni\/","name":"Termini e Condizioni | Formazione Job4good","isPartOf":{"@id":"https:\/\/www.job4good.it\/formazione\/#website"},"datePublished":"2015-12-31T23:01:42+00:00","dateModified":"2023-04-26T10:37:03+00:00","breadcrumb":{"@id":"https:\/\/www.job4good.it\/formazione\/termini-e-condizioni\/#breadcrumb"},"inLanguage":"it-IT","potentialAction":[{"@type":"ReadAction","target":["https:\/\/www.job4good.it\/formazione\/termini-e-condizioni\/"]}]},{"@type":"BreadcrumbList","@id":"https:\/\/www.job4good.it\/formazione\/termini-e-condizioni\/#breadcrumb","itemListElement":[{"@type":"ListItem","position":1,"name":"Home","item":"https:\/\/www.job4good.it\/formazione\/"},{"@type":"ListItem","position":2,"name":"Termini e Condizioni"}]},{"@type":"WebSite","@id":"https:\/\/www.job4good.it\/formazione\/#website","url":"https:\/\/www.job4good.it\/formazione\/","name":"Formazione Job4good","description":"Scopri la formazione nel Terzo settore","publisher":{"@id":"https:\/\/www.job4good.it\/formazione\/#organization"},"potentialAction":[{"@type":"SearchAction","target":{"@type":"EntryPoint","urlTemplate":"https:\/\/www.job4good.it\/formazione\/?s={search_term_string}"},"query-input":{"@type":"PropertyValueSpecification","valueRequired":true,"valueName":"search_term_string"}}],"inLanguage":"it-IT"},{"@type":"Organization","@id":"https:\/\/www.job4good.it\/formazione\/#organization","name":"Job4good","url":"https:\/\/www.job4good.it\/formazione\/","logo":{"@type":"ImageObject","inLanguage":"it-IT","@id":"https:\/\/www.job4good.it\/formazione\/#\/schema\/logo\/image\/","url":"","contentUrl":"","caption":"Job4good"},"image":{"@id":"https:\/\/www.job4good.it\/formazione\/#\/schema\/logo\/image\/"},"sameAs":["https:\/\/www.facebook.com\/Job4good","https:\/\/x.com\/job4good","https:\/\/www.instagram.com\/job4good\/","https:\/\/www.linkedin.com\/company\/job4good\/","https:\/\/www.youtube.com\/channel\/UCfe_bzcYJ9gj1gq0XKmDfbA"]}]}},"jetpack_sharing_enabled":false,"_links":{"self":[{"href":"https:\/\/www.job4good.it\/formazione\/wp-json\/wp\/v2\/pages\/1760","targetHints":{"allow":["GET"]}}],"collection":[{"href":"https:\/\/www.job4good.it\/formazione\/wp-json\/wp\/v2\/pages"}],"about":[{"href":"https:\/\/www.job4good.it\/formazione\/wp-json\/wp\/v2\/types\/page"}],"author":[{"embeddable":true,"href":"https:\/\/www.job4good.it\/formazione\/wp-json\/wp\/v2\/users\/6191"}],"replies":[{"embeddable":true,"href":"https:\/\/www.job4good.it\/formazione\/wp-json\/wp\/v2\/comments?post=1760"}],"version-history":[{"count":0,"href":"https:\/\/www.job4good.it\/formazione\/wp-json\/wp\/v2\/pages\/1760\/revisions"}],"wp:attachment":[{"href":"https:\/\/www.job4good.it\/formazione\/wp-json\/wp\/v2\/media?parent=1760"}],"curies":[{"name":"wp","href":"https:\/\/api.w.org\/{rel}","templated":true}]}}