{"id":10321,"date":"2016-11-02T12:29:41","date_gmt":"2016-11-02T11:29:41","guid":{"rendered":"https:\/\/www.job4good.it\/?page_id=10321"},"modified":"2024-02-16T12:40:23","modified_gmt":"2024-02-16T11:40:23","slug":"regolamento","status":"publish","type":"page","link":"https:\/\/www.job4good.it\/formazione\/regolamento\/","title":{"rendered":"Regolamento"},"content":{"rendered":"<div class=\"wpb-content-wrapper\"><p>[vc_row full_width=&#8221;stretch_row&#8221; content_placement=&#8221;middle&#8221; careerfy_container=&#8221;wide&#8221; css=&#8221;.vc_custom_1604054730293{background-image: url(https:\/\/job4good.it\/formazione\/wp-content\/uploads\/2020\/10\/service-pattren-bg.png?id=252408) !important;}&#8221;][vc_column][vc_column_text]<\/p>\n<h1 style=\"text-align: center;\">Regole per l&#8217;utilizzo del servizio Formazione<\/h1>\n<p>&nbsp;<\/p>\n<p><span style=\"font-weight: 400;\">Chi vuole dare <strong>visibilit\u00e0 ai propri <span style=\"text-decoration: underline;\">corsi di formazione<\/span><\/strong> potr\u00e0 registrare la propria realt\u00e0 gratuitamente in questa sezione. Possono registrarsi Universit\u00e0, Centri di formazione e formatori che abbiano corsi da pubblicare per il Terzo settore.<\/span><\/p>\n<p><span style=\"font-weight: 400;\">La registrazione<\/span><span style=\"font-weight: 400;\"> comprende:<\/span><\/p>\n<ul>\n<li style=\"list-style-type: none;\">\n<ul>\n<li>Un <strong>account utente<\/strong>\u00a0con dashboard di gestione inserzioni<\/li>\n<li>Una <strong>pagina &#8220;ente&#8221;<\/strong> per descrivere al meglio la propria realt\u00e0 formativa<\/li>\n<li>La possibilit\u00e0 di pubblicare <strong>annunci gratuitamente.<\/strong><\/li>\n<li>Indicizzazione web e <strong>posizionamento<\/strong> online<\/li>\n<\/ul>\n<\/li>\n<\/ul>\n<p>&nbsp;<\/p>\n<p>Ogni annuncio verr\u00e0 mostrato nel motore di ricerca della <strong>sezione formazione di Job4good. <\/strong>La pagina Ente verr\u00e0 resa pubblica solo al momento della pubblicazione del primo annuncio.<\/p>\n<p>&nbsp;<\/p>\n<p><span style=\"font-weight: 400;\">I corsi dovranno essere pertinenti all\u2019ambito di sviluppo professionale per operatori e professionisti del settore.<\/span><\/p>\n<p><em><span style=\"font-weight: 400;\">Job4good si assume la discrezione di valutare la pubblicazione di corsi:<br \/>\n<\/span><\/em><\/p>\n<ul>\n<li style=\"list-style-type: none;\">\n<ul>\n<li><span style=\"font-weight: 400;\">non attinenti al Terzo settore<br \/>\n<\/span><\/li>\n<li>di scarso livello professionale<\/li>\n<\/ul>\n<\/li>\n<\/ul>\n<p>[\/vc_column_text][vc_empty_space height=&#8221;50px&#8221;]        <section class=\"careerfy-fancy-title\">\r\n                \r\n        <h2>Regole per l'utilizzo<\/h2>\r\n                <\/section>\r\n\r\n        <div class=\"careerfy-classic-services\"><ul class=\"row\">\r\n        \r\n        <li class=\"col-md-4\">\r\n            <span>1<\/span>\r\n            <i class=\"careerfy-icon careerfy-skills\"><\/i>\r\n            <h2>TIPOLOGIA ANNUNCI AMMESSI<\/h2>\r\n            <p>Gli annunci devono essere relativi a corsi di formazione per studenti, operatori e professionisti del Terzo Settore.<\/p>\r\n        <\/li>\r\n        <li class=\"col-md-4\">\r\n            <span>2<\/span>\r\n            <i class=\"careerfy-icon careerfy-resume-document\"><\/i>\r\n            <h2>CONTENUTO ANNUNCI<\/h2>\r\n            <p>Gli annunci dei corsi dovranno indicare: il tema, modalit\u00e0 di erogazione, il suo prezzo, la scadenza per le iscrizioni.<\/p>\r\n        <\/li>\r\n        <li class=\"col-md-4\">\r\n            <span>3<\/span>\r\n            <i class=\"careerfy-icon careerfy-edit\"><\/i>\r\n            <h2>TITOLI ANNUNCI<\/h2>\r\n            <p>Il titolo dell\u2019annuncio deve essere chiaro e far riferimento al titolo del corso in questione.<\/p>\r\n        <\/li>\r\n        <li class=\"col-md-4\">\r\n            <span>4<\/span>\r\n            <i class=\"careerfy-icon careerfy-eye\"><\/i>\r\n            <h2>FORMATTAZIONE ANNUNCI<\/h2>\r\n            <p>\u00c8 necessario cercare di utilizzare una impaginazione pulita e di facile comprensione per gli utenti.<\/p>\r\n        <\/li>\r\n        <li class=\"col-md-4\">\r\n            <span>5<\/span>\r\n            <i class=\"careerfy-icon careerfy-logout\"><\/i>\r\n            <h2>RIPUBBLICAZIONE ANNUNCI<\/h2>\r\n            <p>Non possono pubblicarsi pi\u00f9 annunci dello stesso corso formativo. Questi anche se inseriti non verranno resi pubblici.<\/p>\r\n        <\/li>\r\n        <li class=\"col-md-4\">\r\n            <span>6<\/span>\r\n            <i class=\"careerfy-icon careerfy-people\"><\/i>\r\n            <h2>PAGINA E LOGO DELL' ENTE<\/h2>\r\n            <p>\u00c8 consigliabile l\u2019inserimento di una descrizione di chi eroga la formazione. Se non c'\u00e8 logo pu\u00f2 essere una foto o immagine che riconduca a chi eroga la formazione.<\/p>\r\n        <\/li>\r\n        <\/ul><\/div>\n[vc_row_inner][vc_column_inner][vc_empty_space height=&#8221;200px&#8221;][\/vc_column_inner][\/vc_row_inner][\/vc_column][\/vc_row]<\/p>\n<\/div>","protected":false},"excerpt":{"rendered":"<p>[vc_row full_width=&#8221;stretch_row&#8221; content_placement=&#8221;middle&#8221; careerfy_container=&#8221;wide&#8221; css=&#8221;.vc_custom_1604054730293{background-image: url(https:\/\/job4good.it\/formazione\/wp-content\/uploads\/2020\/10\/service-pattren-bg.png?id=252408) !important;}&#8221;][vc_column][vc_column_text] Regole per l&#8217;utilizzo del servizio Formazione &nbsp; Chi vuole dare visibilit\u00e0 ai propri corsi di formazione potr\u00e0 registrare la propria realt\u00e0 gratuitamente in questa sezione. Possono registrarsi Universit\u00e0, Centri di formazione e formatori che abbiano corsi da pubblicare per il Terzo settore. La registrazione comprende: Un account utente\u00a0con&#8230;<\/p>\n","protected":false},"author":6191,"featured_media":0,"parent":0,"menu_order":0,"comment_status":"closed","ping_status":"closed","template":"","meta":{"footnotes":""},"class_list":["post-10321","page","type-page","status-publish","hentry"],"yoast_head":"<!-- This site is optimized with the Yoast SEO plugin v27.2 - https:\/\/yoast.com\/product\/yoast-seo-wordpress\/ -->\n<title>Regolamento | Formazione Job4good<\/title>\n<meta name=\"description\" content=\"Regolamento della piattaforma. Linee guida per l\u2019utilizzo di Job4good.it da parte dei Formatori che utilizzano i servizi.\" \/>\n<meta name=\"robots\" content=\"index, follow, max-snippet:-1, max-image-preview:large, max-video-preview:-1\" \/>\n<link rel=\"canonical\" href=\"https:\/\/www.job4good.it\/formazione\/regolamento\/\" \/>\n<meta property=\"og:locale\" content=\"it_IT\" \/>\n<meta property=\"og:type\" content=\"article\" \/>\n<meta property=\"og:title\" content=\"Regolamento | Formazione Job4good\" \/>\n<meta property=\"og:description\" content=\"Regolamento della piattaforma. Linee guida per l\u2019utilizzo di Job4good.it da parte dei Formatori che utilizzano i servizi.\" \/>\n<meta property=\"og:url\" content=\"https:\/\/www.job4good.it\/formazione\/regolamento\/\" \/>\n<meta property=\"og:site_name\" content=\"Formazione Job4good\" \/>\n<meta property=\"article:publisher\" content=\"https:\/\/www.facebook.com\/Job4good\" \/>\n<meta property=\"article:modified_time\" content=\"2024-02-16T11:40:23+00:00\" \/>\n<meta property=\"og:image\" content=\"https:\/\/www.job4good.it\/formazione\/wp-content\/uploads\/2021\/05\/HOME-facebook.jpg\" \/>\n\t<meta property=\"og:image:width\" content=\"1200\" \/>\n\t<meta property=\"og:image:height\" content=\"630\" \/>\n\t<meta property=\"og:image:type\" content=\"image\/jpeg\" \/>\n<meta name=\"twitter:card\" content=\"summary_large_image\" \/>\n<meta name=\"twitter:site\" content=\"@job4good\" \/>\n<meta name=\"twitter:label1\" content=\"Tempo di lettura stimato\" \/>\n\t<meta name=\"twitter:data1\" content=\"2 minuti\" \/>\n<script type=\"application\/ld+json\" class=\"yoast-schema-graph\">{\"@context\":\"https:\/\/schema.org\",\"@graph\":[{\"@type\":\"WebPage\",\"@id\":\"https:\/\/www.job4good.it\/formazione\/regolamento\/\",\"url\":\"https:\/\/www.job4good.it\/formazione\/regolamento\/\",\"name\":\"Regolamento | Formazione Job4good\",\"isPartOf\":{\"@id\":\"https:\/\/www.job4good.it\/formazione\/#website\"},\"datePublished\":\"2016-11-02T11:29:41+00:00\",\"dateModified\":\"2024-02-16T11:40:23+00:00\",\"description\":\"Regolamento della piattaforma. Linee guida per l\u2019utilizzo di Job4good.it da parte dei Formatori che utilizzano i servizi.\",\"breadcrumb\":{\"@id\":\"https:\/\/www.job4good.it\/formazione\/regolamento\/#breadcrumb\"},\"inLanguage\":\"it-IT\",\"potentialAction\":[{\"@type\":\"ReadAction\",\"target\":[\"https:\/\/www.job4good.it\/formazione\/regolamento\/\"]}]},{\"@type\":\"BreadcrumbList\",\"@id\":\"https:\/\/www.job4good.it\/formazione\/regolamento\/#breadcrumb\",\"itemListElement\":[{\"@type\":\"ListItem\",\"position\":1,\"name\":\"Home\",\"item\":\"https:\/\/www.job4good.it\/formazione\/\"},{\"@type\":\"ListItem\",\"position\":2,\"name\":\"Regolamento\"}]},{\"@type\":\"WebSite\",\"@id\":\"https:\/\/www.job4good.it\/formazione\/#website\",\"url\":\"https:\/\/www.job4good.it\/formazione\/\",\"name\":\"Formazione Job4good\",\"description\":\"Scopri la formazione nel Terzo settore\",\"publisher\":{\"@id\":\"https:\/\/www.job4good.it\/formazione\/#organization\"},\"potentialAction\":[{\"@type\":\"SearchAction\",\"target\":{\"@type\":\"EntryPoint\",\"urlTemplate\":\"https:\/\/www.job4good.it\/formazione\/?s={search_term_string}\"},\"query-input\":{\"@type\":\"PropertyValueSpecification\",\"valueRequired\":true,\"valueName\":\"search_term_string\"}}],\"inLanguage\":\"it-IT\"},{\"@type\":\"Organization\",\"@id\":\"https:\/\/www.job4good.it\/formazione\/#organization\",\"name\":\"Job4good\",\"url\":\"https:\/\/www.job4good.it\/formazione\/\",\"logo\":{\"@type\":\"ImageObject\",\"inLanguage\":\"it-IT\",\"@id\":\"https:\/\/www.job4good.it\/formazione\/#\/schema\/logo\/image\/\",\"url\":\"\",\"contentUrl\":\"\",\"caption\":\"Job4good\"},\"image\":{\"@id\":\"https:\/\/www.job4good.it\/formazione\/#\/schema\/logo\/image\/\"},\"sameAs\":[\"https:\/\/www.facebook.com\/Job4good\",\"https:\/\/x.com\/job4good\",\"https:\/\/www.instagram.com\/job4good\/\",\"https:\/\/www.linkedin.com\/company\/job4good\/\",\"https:\/\/www.youtube.com\/channel\/UCfe_bzcYJ9gj1gq0XKmDfbA\"]}]}<\/script>\n<!-- \/ Yoast SEO plugin. -->","yoast_head_json":{"title":"Regolamento | Formazione Job4good","description":"Regolamento della piattaforma. Linee guida per l\u2019utilizzo di Job4good.it da parte dei Formatori che utilizzano i servizi.","robots":{"index":"index","follow":"follow","max-snippet":"max-snippet:-1","max-image-preview":"max-image-preview:large","max-video-preview":"max-video-preview:-1"},"canonical":"https:\/\/www.job4good.it\/formazione\/regolamento\/","og_locale":"it_IT","og_type":"article","og_title":"Regolamento | Formazione Job4good","og_description":"Regolamento della piattaforma. Linee guida per l\u2019utilizzo di Job4good.it da parte dei Formatori che utilizzano i servizi.","og_url":"https:\/\/www.job4good.it\/formazione\/regolamento\/","og_site_name":"Formazione Job4good","article_publisher":"https:\/\/www.facebook.com\/Job4good","article_modified_time":"2024-02-16T11:40:23+00:00","og_image":[{"width":1200,"height":630,"url":"https:\/\/www.job4good.it\/formazione\/wp-content\/uploads\/2021\/05\/HOME-facebook.jpg","type":"image\/jpeg"}],"twitter_card":"summary_large_image","twitter_site":"@job4good","twitter_misc":{"Tempo di lettura stimato":"2 minuti"},"schema":{"@context":"https:\/\/schema.org","@graph":[{"@type":"WebPage","@id":"https:\/\/www.job4good.it\/formazione\/regolamento\/","url":"https:\/\/www.job4good.it\/formazione\/regolamento\/","name":"Regolamento | Formazione Job4good","isPartOf":{"@id":"https:\/\/www.job4good.it\/formazione\/#website"},"datePublished":"2016-11-02T11:29:41+00:00","dateModified":"2024-02-16T11:40:23+00:00","description":"Regolamento della piattaforma. Linee guida per l\u2019utilizzo di Job4good.it da parte dei Formatori che utilizzano i servizi.","breadcrumb":{"@id":"https:\/\/www.job4good.it\/formazione\/regolamento\/#breadcrumb"},"inLanguage":"it-IT","potentialAction":[{"@type":"ReadAction","target":["https:\/\/www.job4good.it\/formazione\/regolamento\/"]}]},{"@type":"BreadcrumbList","@id":"https:\/\/www.job4good.it\/formazione\/regolamento\/#breadcrumb","itemListElement":[{"@type":"ListItem","position":1,"name":"Home","item":"https:\/\/www.job4good.it\/formazione\/"},{"@type":"ListItem","position":2,"name":"Regolamento"}]},{"@type":"WebSite","@id":"https:\/\/www.job4good.it\/formazione\/#website","url":"https:\/\/www.job4good.it\/formazione\/","name":"Formazione Job4good","description":"Scopri la formazione nel Terzo settore","publisher":{"@id":"https:\/\/www.job4good.it\/formazione\/#organization"},"potentialAction":[{"@type":"SearchAction","target":{"@type":"EntryPoint","urlTemplate":"https:\/\/www.job4good.it\/formazione\/?s={search_term_string}"},"query-input":{"@type":"PropertyValueSpecification","valueRequired":true,"valueName":"search_term_string"}}],"inLanguage":"it-IT"},{"@type":"Organization","@id":"https:\/\/www.job4good.it\/formazione\/#organization","name":"Job4good","url":"https:\/\/www.job4good.it\/formazione\/","logo":{"@type":"ImageObject","inLanguage":"it-IT","@id":"https:\/\/www.job4good.it\/formazione\/#\/schema\/logo\/image\/","url":"","contentUrl":"","caption":"Job4good"},"image":{"@id":"https:\/\/www.job4good.it\/formazione\/#\/schema\/logo\/image\/"},"sameAs":["https:\/\/www.facebook.com\/Job4good","https:\/\/x.com\/job4good","https:\/\/www.instagram.com\/job4good\/","https:\/\/www.linkedin.com\/company\/job4good\/","https:\/\/www.youtube.com\/channel\/UCfe_bzcYJ9gj1gq0XKmDfbA"]}]}},"jetpack_sharing_enabled":false,"_links":{"self":[{"href":"https:\/\/www.job4good.it\/formazione\/wp-json\/wp\/v2\/pages\/10321","targetHints":{"allow":["GET"]}}],"collection":[{"href":"https:\/\/www.job4good.it\/formazione\/wp-json\/wp\/v2\/pages"}],"about":[{"href":"https:\/\/www.job4good.it\/formazione\/wp-json\/wp\/v2\/types\/page"}],"author":[{"embeddable":true,"href":"https:\/\/www.job4good.it\/formazione\/wp-json\/wp\/v2\/users\/6191"}],"replies":[{"embeddable":true,"href":"https:\/\/www.job4good.it\/formazione\/wp-json\/wp\/v2\/comments?post=10321"}],"version-history":[{"count":0,"href":"https:\/\/www.job4good.it\/formazione\/wp-json\/wp\/v2\/pages\/10321\/revisions"}],"wp:attachment":[{"href":"https:\/\/www.job4good.it\/formazione\/wp-json\/wp\/v2\/media?parent=10321"}],"curies":[{"name":"wp","href":"https:\/\/api.w.org\/{rel}","templated":true}]}}